{"id":10,"date":"2024-06-12T15:44:25","date_gmt":"2024-06-12T13:44:25","guid":{"rendered":"https:\/\/jaqcantabria.es\/?page_id=10"},"modified":"2024-09-22T19:15:17","modified_gmt":"2024-09-22T17:15:17","slug":"inicio","status":"publish","type":"page","link":"https:\/\/jaqcantabria.es\/","title":{"rendered":"Inicio"},"content":{"rendered":"<p>[et_pb_section fb_built=\u00bb1&#8243; next_background_color=\u00bb#ffffff\u00bb admin_label=\u00bbHeader\u00bb _builder_version=\u00bb4.16&#8243; use_background_color_gradient=\u00bbon\u00bb background_color_gradient_stops=\u00bbrgba(0,0,0,0.5) 0%|rgba(0,0,0,0.5) 100%\u00bb background_color_gradient_overlays_image=\u00bbon\u00bb background_color_gradient_start=\u00bbrgba(0,0,0,0.5)\u00bb background_color_gradient_end=\u00bbrgba(0,0,0,0.5)\u00bb background_image=\u00bbhttps:\/\/jaqcantabria.es\/wp-content\/uploads\/2024\/06\/renovation-39.jpg\u00bb custom_padding=\u00bb8vw||||false|false\u00bb bottom_divider_style=\u00bbslant\u00bb bottom_divider_height=\u00bb57px\u00bb global_colors_info=\u00bb{}\u00bb][et_pb_row column_structure=\u00bb1_2,1_2&#8243; _builder_version=\u00bb4.16&#8243; global_colors_info=\u00bb{}\u00bb][et_pb_column type=\u00bb1_2&#8243; _builder_version=\u00bb4.16&#8243; global_colors_info=\u00bb{}\u00bb][et_pb_text _builder_version=\u00bb4.24.1&#8243; header_font=\u00bbKanit|500|||||||\u00bb header_font_size=\u00bb3vw\u00bb header_line_height=\u00bb1.1em\u00bb background_layout=\u00bbdark\u00bb max_width=\u00bb795px\u00bb module_alignment=\u00bbcenter\u00bb header_font_size_tablet=\u00bb42px\u00bb header_font_size_phone=\u00bb36px\u00bb header_font_size_last_edited=\u00bbon|desktop\u00bb locked=\u00bboff\u00bb global_colors_info=\u00bb{}\u00bb]<\/p>\n<h1>JAQ &#8211; Reformas, mantenimiento y mucho m\u00e1s<\/h1>\n<p>[\/et_pb_text][\/et_pb_column][et_pb_column type=\u00bb1_2&#8243; _builder_version=\u00bb4.16&#8243; global_colors_info=\u00bb{}\u00bb][et_pb_text _builder_version=\u00bb4.24.1&#8243; text_font=\u00bbKanit||||||||\u00bb text_font_size=\u00bb16px\u00bb text_line_height=\u00bb1.8em\u00bb background_layout=\u00bbdark\u00bb global_colors_info=\u00bb{}\u00bb]<\/p>\n<p>En JAQ tenemos un equipo de profesionales capacitados para poder dar servicios en diferentes \u00e1reas c\u00f3mo pueden ser la albali\u00f1er\u00eda, arreglo de motores, pintura, mantenimiento de m\u00e1quinas de gimnasio, mantenimiento de jardiner\u00eda, cuidado de personas mayores, cuidado de mascotas&#8230;\u00a0 Pide presupuesto sin compromiso.<\/p>\n<p>[\/et_pb_text][et_pb_button button_text=\u00bbSolicitar presupuesto\u00bb button_alignment=\u00bbleft\u00bb _builder_version=\u00bb4.27.0&#8243; custom_button=\u00bbon\u00bb button_text_size=\u00bb14px\u00bb button_text_color=\u00bb#000000&#8243; button_bg_color=\u00bb#ffd000&#8243; button_border_width=\u00bb0px\u00bb button_border_radius=\u00bb0px\u00bb button_letter_spacing=\u00bb1px\u00bb button_font=\u00bb|700||on|||||\u00bb button_icon=\u00bb&#x24;||divi||400&#8243; custom_margin=\u00bb40px||||false|false\u00bb custom_padding=\u00bb15px|40px|15px|40px|true|true\u00bb hover_enabled=\u00bb0&#8243; locked=\u00bboff\u00bb global_colors_info=\u00bb{}\u00bb button_url=\u00bbhttps:\/\/jaqcantabria.es\/?page_id=75&#8243; sticky_enabled=\u00bb0&#8243;][\/et_pb_button][\/et_pb_column][\/et_pb_row][et_pb_row _builder_version=\u00bb4.16&#8243; custom_margin=\u00bb5vw||||false|false\u00bb global_colors_info=\u00bb{}\u00bb][et_pb_column type=\u00bb4_4&#8243; _builder_version=\u00bb4.16&#8243; global_colors_info=\u00bb{}\u00bb][et_pb_image src=\u00bbhttps:\/\/jaqcantabria.es\/wp-content\/uploads\/2024\/06\/jaq-png.png\u00bb title_text=\u00bbjaq png\u00bb show_bottom_space=\u00bboff\u00bb align=\u00bbcenter\u00bb _builder_version=\u00bb4.24.1&#8243; custom_padding=\u00bb||||false|false\u00bb scroll_horizontal_motion_enable=\u00bbon\u00bb scroll_horizontal_motion=\u00bb0|50|50|100|0|0|-3&#8243; global_colors_info=\u00bb{}\u00bb][\/et_pb_image][\/et_pb_column][\/et_pb_row][\/et_pb_section][et_pb_section fb_built=\u00bb1&#8243; admin_label=\u00bbServices\u00bb _builder_version=\u00bb4.16&#8243; global_colors_info=\u00bb{}\u00bb][et_pb_row _builder_version=\u00bb4.16&#8243; locked=\u00bboff\u00bb global_colors_info=\u00bb{}\u00bb][et_pb_column type=\u00bb4_4&#8243; _builder_version=\u00bb4.16&#8243; global_colors_info=\u00bb{}\u00bb][et_pb_text _builder_version=\u00bb4.24.1&#8243; header_2_font=\u00bbKanit|700|||||||\u00bb header_2_text_color=\u00bb#000000&#8243; header_2_font_size=\u00bb48px\u00bb header_2_line_height=\u00bb1.1em\u00bb text_orientation=\u00bbcenter\u00bb module_alignment=\u00bbcenter\u00bb header_2_font_size_tablet=\u00bb32px\u00bb header_2_font_size_phone=\u00bb22px\u00bb header_2_font_size_last_edited=\u00bbon|phone\u00bb global_colors_info=\u00bb{}\u00bb]<\/p>\n<h2>Servicios<\/h2>\n<p>[\/et_pb_text][\/et_pb_column][\/et_pb_row][et_pb_row column_structure=\u00bb1_3,1_3,1_3&#8243; use_custom_gutter=\u00bbon\u00bb gutter_width=\u00bb2&#8243; _builder_version=\u00bb4.16&#8243; locked=\u00bboff\u00bb global_colors_info=\u00bb{}\u00bb][et_pb_column type=\u00bb1_3&#8243; _builder_version=\u00bb4.16&#8243; global_colors_info=\u00bb{}\u00bb][et_pb_blurb title=\u00bbReformas\u00bb image=\u00bbhttps:\/\/jaqcantabria.es\/wp-content\/uploads\/2024\/06\/renovation-icon-6.png\u00bb icon_alignment=\u00bbleft\u00bb content_max_width=\u00bb100%\u00bb _builder_version=\u00bb4.27.0&#8243; header_font=\u00bbKanit|600|||||||\u00bb header_font_size=\u00bb20px\u00bb header_line_height=\u00bb1.3em\u00bb body_line_height=\u00bb1.8em\u00bb background_image=\u00bbhttps:\/\/jaqcantabria.es\/wp-content\/uploads\/2024\/06\/Oval.png\u00bb background_size=\u00bbinitial\u00bb background_position=\u00bbtop_left\u00bb animation=\u00bboff\u00bb header_font_size_tablet=\u00bb18px\u00bb header_font_size_phone=\u00bb16px\u00bb header_font_size_last_edited=\u00bbon|phone\u00bb global_colors_info=\u00bb{}\u00bb]<\/p>\n<p>Nos especializamos en reformas integrales de viviendas y locales comerciales. Planificamos y ejecutamos cada detalle para renovar tus espacios de manera eficiente y adaptada a tus necesidades.<\/p>\n<p>[\/et_pb_blurb][\/et_pb_column][et_pb_column type=\u00bb1_3&#8243; _builder_version=\u00bb4.16&#8243; global_colors_info=\u00bb{}\u00bb][et_pb_blurb title=\u00bbCarpinter\u00eda\u00bb image=\u00bbhttps:\/\/jaqcantabria.es\/wp-content\/uploads\/2024\/06\/renovation-icon-7.png\u00bb icon_alignment=\u00bbleft\u00bb content_max_width=\u00bb100%\u00bb _builder_version=\u00bb4.27.0&#8243; header_font=\u00bbKanit|600|||||||\u00bb header_font_size=\u00bb20px\u00bb header_line_height=\u00bb1.3em\u00bb body_line_height=\u00bb1.8em\u00bb background_image=\u00bbhttps:\/\/jaqcantabria.es\/wp-content\/uploads\/2024\/06\/Oval.png\u00bb background_size=\u00bbinitial\u00bb background_position=\u00bbtop_left\u00bb animation=\u00bboff\u00bb header_font_size_tablet=\u00bb18px\u00bb header_font_size_phone=\u00bb16px\u00bb header_font_size_last_edited=\u00bbon|phone\u00bb locked=\u00bboff\u00bb global_colors_info=\u00bb{}\u00bb]<\/p>\n<p>Creamos y restauramos muebles, puertas, armarios y estructuras de madera a medida. Nuestro equipo de carpinteros expertos garantiza acabados impecables que combinan funcionalidad y estilo.<\/p>\n<p>[\/et_pb_blurb][\/et_pb_column][et_pb_column type=\u00bb1_3&#8243; _builder_version=\u00bb4.16&#8243; global_colors_info=\u00bb{}\u00bb][et_pb_blurb title=\u00bbArreglos\u00bb image=\u00bbhttps:\/\/jaqcantabria.es\/wp-content\/uploads\/2024\/06\/renovation-icon-4.png\u00bb icon_alignment=\u00bbleft\u00bb content_max_width=\u00bb100%\u00bb _builder_version=\u00bb4.27.0&#8243; header_font=\u00bbKanit|600|||||||\u00bb header_font_size=\u00bb20px\u00bb header_line_height=\u00bb1.3em\u00bb body_line_height=\u00bb1.8em\u00bb background_image=\u00bbhttps:\/\/jaqcantabria.es\/wp-content\/uploads\/2024\/06\/Oval.png\u00bb background_size=\u00bbinitial\u00bb background_position=\u00bbtop_left\u00bb animation=\u00bboff\u00bb header_font_size_tablet=\u00bb18px\u00bb header_font_size_phone=\u00bb16px\u00bb header_font_size_last_edited=\u00bbon|phone\u00bb locked=\u00bboff\u00bb global_colors_info=\u00bb{}\u00bb]<\/p>\n<p>Solucionamos problemas de mantenimiento y realizamos peque\u00f1as reparaciones en tu hogar o negocio. Ya sea una filtraci\u00f3n, un enchufe defectuoso o un grifo que gotea, nos encargamos de dejarlo todo en perfecto estado.<\/p>\n<p>[\/et_pb_blurb][\/et_pb_column][\/et_pb_row][et_pb_row column_structure=\u00bb1_3,1_3,1_3&#8243; _builder_version=\u00bb4.16&#8243; locked=\u00bboff\u00bb global_colors_info=\u00bb{}\u00bb][et_pb_column type=\u00bb1_3&#8243; _builder_version=\u00bb4.16&#8243; global_colors_info=\u00bb{}\u00bb][et_pb_blurb title=\u00bbMontaje \u00bb image=\u00bbhttps:\/\/jaqcantabria.es\/wp-content\/uploads\/2024\/06\/renovation-icon-5.png\u00bb icon_alignment=\u00bbleft\u00bb content_max_width=\u00bb100%\u00bb _builder_version=\u00bb4.27.0&#8243; header_font=\u00bbKanit|600|||||||\u00bb header_font_size=\u00bb20px\u00bb header_line_height=\u00bb1.3em\u00bb body_line_height=\u00bb1.8em\u00bb background_image=\u00bbhttps:\/\/jaqcantabria.es\/wp-content\/uploads\/2024\/06\/Oval.png\u00bb background_size=\u00bbinitial\u00bb background_position=\u00bbtop_left\u00bb animation=\u00bboff\u00bb header_font_size_tablet=\u00bb18px\u00bb header_font_size_phone=\u00bb16px\u00bb header_font_size_last_edited=\u00bbon|phone\u00bb global_colors_info=\u00bb{}\u00bb]<\/p>\n<p>Nos encargamos del montaje de muebles, cocinas, ba\u00f1os y otros elementos decorativos. Nuestro equipo asegura un ensamblaje preciso y seguro para que disfrutes de tus nuevos muebles sin preocupaciones.<\/p>\n<p>[\/et_pb_blurb][\/et_pb_column][et_pb_column type=\u00bb1_3&#8243; _builder_version=\u00bb4.16&#8243; global_colors_info=\u00bb{}\u00bb][et_pb_blurb title=\u00bbPintura\u00bb image=\u00bbhttps:\/\/jaqcantabria.es\/wp-content\/uploads\/2024\/06\/renovation-icon-10.png\u00bb icon_alignment=\u00bbleft\u00bb content_max_width=\u00bb100%\u00bb _builder_version=\u00bb4.27.0&#8243; header_font=\u00bbKanit|600|||||||\u00bb header_font_size=\u00bb20px\u00bb header_line_height=\u00bb1.3em\u00bb body_line_height=\u00bb1.8em\u00bb background_image=\u00bbhttps:\/\/jaqcantabria.es\/wp-content\/uploads\/2024\/06\/Oval.png\u00bb background_size=\u00bbinitial\u00bb background_position=\u00bbtop_left\u00bb animation=\u00bboff\u00bb header_font_size_tablet=\u00bb18px\u00bb header_font_size_phone=\u00bb16px\u00bb header_font_size_last_edited=\u00bbon|phone\u00bb locked=\u00bboff\u00bb global_colors_info=\u00bb{}\u00bb]<\/p>\n<p>Transformamos tus espacios con servicios de pintura profesional. Aplicamos pintura interior y exterior, utilizando materiales de alta calidad para lograr un acabado duradero y est\u00e9tico.<\/p>\n<p>[\/et_pb_blurb][\/et_pb_column][et_pb_column type=\u00bb1_3&#8243; _builder_version=\u00bb4.16&#8243; global_colors_info=\u00bb{}\u00bb][et_pb_blurb title=\u00bbSoluciones a medida\u00bb image=\u00bbhttps:\/\/jaqcantabria.es\/wp-content\/uploads\/2024\/06\/renovation-icon-3.png\u00bb icon_alignment=\u00bbleft\u00bb content_max_width=\u00bb100%\u00bb _builder_version=\u00bb4.27.0&#8243; header_font=\u00bbKanit|600|||||||\u00bb header_font_size=\u00bb20px\u00bb header_line_height=\u00bb1.3em\u00bb body_line_height=\u00bb1.8em\u00bb background_image=\u00bbhttps:\/\/jaqcantabria.es\/wp-content\/uploads\/2024\/06\/Oval.png\u00bb background_size=\u00bbinitial\u00bb background_position=\u00bbtop_left\u00bb animation=\u00bboff\u00bb header_font_size_tablet=\u00bb18px\u00bb header_font_size_phone=\u00bb16px\u00bb header_font_size_last_edited=\u00bbon|phone\u00bb locked=\u00bboff\u00bb global_colors_info=\u00bb{}\u00bb]<\/p>\n<p>Dise\u00f1amos y realizamos proyectos a medida para satisfacer tus necesidades espec\u00edficas. Desde reformas complejas hasta peque\u00f1os detalles, adaptamos nuestros servicios para hacer realidad tu visi\u00f3n.<\/p>\n<p>[\/et_pb_blurb][\/et_pb_column][\/et_pb_row][\/et_pb_section][et_pb_section fb_built=\u00bb1&#8243; admin_label=\u00bbStatistics\u00bb _builder_version=\u00bb4.16&#8243; locked=\u00bboff\u00bb global_colors_info=\u00bb{}\u00bb][et_pb_row column_structure=\u00bb1_2,1_2&#8243; use_custom_gutter=\u00bbon\u00bb gutter_width=\u00bb1&#8243; make_equal=\u00bbon\u00bb _builder_version=\u00bb4.16&#8243; custom_padding=\u00bb||0px||false|false\u00bb global_colors_info=\u00bb{}\u00bb][et_pb_column type=\u00bb1_2&#8243; _builder_version=\u00bb4.16&#8243; global_colors_info=\u00bb{}\u00bb][et_pb_image src=\u00bbhttps:\/\/jaqcantabria.es\/wp-content\/uploads\/2024\/06\/renovation-64.jpg\u00bb title_text=\u00bbrenovation-64&#8243; show_bottom_space=\u00bboff\u00bb admin_label=\u00bbImage\u00bb _builder_version=\u00bb4.16&#8243; custom_margin=\u00bb|||-10vw|false|false\u00bb custom_margin_tablet=\u00bb|||0vw|false|false\u00bb custom_margin_phone=\u00bb\u00bb custom_margin_last_edited=\u00bbon|tablet\u00bb locked=\u00bboff\u00bb global_colors_info=\u00bb{}\u00bb][\/et_pb_image][\/et_pb_column][et_pb_column type=\u00bb1_2&#8243; _builder_version=\u00bb4.16&#8243; global_colors_info=\u00bb{}\u00bb][et_pb_video src=\u00bbhttps:\/\/www.youtube.com\/watch?v=FkQuawiGWUw\u00bb image_src=\u00bbhttps:\/\/jaqcantabria.es\/wp-content\/uploads\/2024\/06\/renovation-21.jpg\u00bb use_icon_font_size=\u00bbon\u00bb icon_font_size=\u00bb90px\u00bb thumbnail_overlay_color=\u00bbrgba(0,0,0,0.6)\u00bb icon_font_size_tablet=\u00bb60px\u00bb icon_font_size_phone=\u00bb\u00bb icon_font_size_last_edited=\u00bbon|phone\u00bb _builder_version=\u00bb4.16&#8243; transform_origin=\u00bb100%|100%\u00bb positioning=\u00bbabsolute\u00bb position_origin_a=\u00bbbottom_right\u00bb position_origin_r=\u00bbbottom_right\u00bb position_origin_a_tablet=\u00bb\u00bb position_origin_a_phone=\u00bb\u00bb position_origin_a_last_edited=\u00bbon|tablet\u00bb position_origin_f_tablet=\u00bb\u00bb position_origin_f_phone=\u00bb\u00bb position_origin_f_last_edited=\u00bbon|tablet\u00bb position_origin_r_tablet=\u00bb\u00bb position_origin_r_phone=\u00bb\u00bb position_origin_r_last_edited=\u00bbon|tablet\u00bb width=\u00bb100%\u00bb width_tablet=\u00bb80%\u00bb width_phone=\u00bb70%\u00bb width_last_edited=\u00bboff|desktop\u00bb max_width_last_edited=\u00bboff|tablet\u00bb custom_margin=\u00bb||||false|false\u00bb custom_margin_tablet=\u00bb|||0px|false|false\u00bb custom_margin_last_edited=\u00bboff|desktop\u00bb positioning_tablet=\u00bbnone\u00bb positioning_phone=\u00bb\u00bb positioning_last_edited=\u00bbon|tablet\u00bb locked=\u00bboff\u00bb global_colors_info=\u00bb{}\u00bb width__hover_enabled=\u00bboff|desktop\u00bb][\/et_pb_video][\/et_pb_column][\/et_pb_row][et_pb_row column_structure=\u00bb1_3,1_3,1_3&#8243; custom_padding_last_edited=\u00bbon|phone\u00bb _builder_version=\u00bb4.16&#8243; background_color=\u00bb#ffd000&#8243; z_index=\u00bb10&#8243; custom_margin_tablet=\u00bb-255px||||false|false\u00bb custom_margin_last_edited=\u00bboff|desktop\u00bb custom_padding=\u00bb60px|20px|60px|20px|true|true\u00bb custom_padding_tablet=\u00bb|20px||20px|true|false\u00bb custom_padding_phone=\u00bb\u00bb locked=\u00bboff\u00bb global_colors_info=\u00bb{}\u00bb][et_pb_column type=\u00bb1_3&#8243; _builder_version=\u00bb4.16&#8243; global_colors_info=\u00bb{}\u00bb][et_pb_number_counter title=\u00bbProjects\u00bb number=\u00bb476&#8243; percent_sign=\u00bboff\u00bb _builder_version=\u00bb4.16&#8243; title_font=\u00bbKanit|500|||||||\u00bb title_text_color=\u00bb#000000&#8243; title_font_size=\u00bb22px\u00bb title_line_height=\u00bb1.5em\u00bb number_font=\u00bbKanit|700|||||||\u00bb number_text_color=\u00bb#000000&#8243; number_line_height=\u00bb82px\u00bb title_font_size_tablet=\u00bb20px\u00bb title_font_size_phone=\u00bb18px\u00bb title_font_size_last_edited=\u00bbon|phone\u00bb number_font_size_tablet=\u00bb60px\u00bb number_font_size_phone=\u00bb48px\u00bb number_font_size_last_edited=\u00bbon|phone\u00bb global_colors_info=\u00bb{}\u00bb][\/et_pb_number_counter][\/et_pb_column][et_pb_column type=\u00bb1_3&#8243; _builder_version=\u00bb4.16&#8243; global_colors_info=\u00bb{}\u00bb][et_pb_number_counter title=\u00bbHappy Clients\u00bb number=\u00bb121&#8243; percent_sign=\u00bboff\u00bb _builder_version=\u00bb4.16&#8243; title_font=\u00bbKanit|500|||||||\u00bb title_text_color=\u00bb#000000&#8243; title_font_size=\u00bb22px\u00bb title_line_height=\u00bb1.5em\u00bb number_font=\u00bbKanit|700|||||||\u00bb number_text_color=\u00bb#000000&#8243; number_line_height=\u00bb82px\u00bb title_font_size_tablet=\u00bb20px\u00bb title_font_size_phone=\u00bb18px\u00bb title_font_size_last_edited=\u00bbon|phone\u00bb number_font_size_tablet=\u00bb60px\u00bb number_font_size_phone=\u00bb48px\u00bb number_font_size_last_edited=\u00bbon|phone\u00bb locked=\u00bboff\u00bb global_colors_info=\u00bb{}\u00bb][\/et_pb_number_counter][\/et_pb_column][et_pb_column type=\u00bb1_3&#8243; _builder_version=\u00bb4.16&#8243; global_colors_info=\u00bb{}\u00bb][et_pb_number_counter title=\u00bbAwards\u00bb number=\u00bb15&#8243; percent_sign=\u00bboff\u00bb _builder_version=\u00bb4.16&#8243; title_font=\u00bbKanit|500|||||||\u00bb title_text_color=\u00bb#000000&#8243; title_font_size=\u00bb22px\u00bb title_line_height=\u00bb1.5em\u00bb number_font=\u00bbKanit|700|||||||\u00bb number_text_color=\u00bb#000000&#8243; number_line_height=\u00bb82px\u00bb title_font_size_tablet=\u00bb20px\u00bb title_font_size_phone=\u00bb18px\u00bb title_font_size_last_edited=\u00bbon|phone\u00bb number_font_size_tablet=\u00bb60px\u00bb number_font_size_phone=\u00bb48px\u00bb number_font_size_last_edited=\u00bbon|phone\u00bb locked=\u00bboff\u00bb global_colors_info=\u00bb{}\u00bb][\/et_pb_number_counter][\/et_pb_column][\/et_pb_row][\/et_pb_section][et_pb_section fb_built=\u00bb1&#8243; admin_label=\u00bbTestimonials\u00bb _builder_version=\u00bb4.16&#8243; locked=\u00bboff\u00bb global_colors_info=\u00bb{}\u00bb][et_pb_row _builder_version=\u00bb4.16&#8243; global_colors_info=\u00bb{}\u00bb][et_pb_column type=\u00bb4_4&#8243; _builder_version=\u00bb4.16&#8243; global_colors_info=\u00bb{}\u00bb][et_pb_slider use_bg_overlay=\u00bboff\u00bb dot_nav_custom_color=\u00bb#000000&#8243; _builder_version=\u00bb4.27.0&#8243; header_font=\u00bbKanit|700|||||||\u00bb header_text_color=\u00bb#2a2a2a\u00bb header_font_size=\u00bb48px\u00bb header_line_height=\u00bb1.3em\u00bb background_color=\u00bbrgba(0,0,0,0)\u00bb custom_padding=\u00bb0px|0px|60px|0px|false|true\u00bb header_font_size_tablet=\u00bb26px\u00bb header_font_size_phone=\u00bb18px\u00bb header_font_size_last_edited=\u00bbon|phone\u00bb header_text_shadow_style=\u00bbpreset4&#8243; header_text_shadow_vertical_length=\u00bb0em\u00bb header_text_shadow_color=\u00bbrgba(0,0,0,0)\u00bb global_colors_info=\u00bb{}\u00bb][et_pb_slide heading=\u00bb\u201cExcelente trabajo y atenci\u00f3n al detalle. Renovaron nuestra cocina y los resultados superaron nuestras expectativas. Desde la carpinter\u00eda hasta la pintura, todo fue impecable. Muy recomendable.\u201d\u00bb arrows_custom_color=\u00bb#000000&#8243; _builder_version=\u00bb4.27.0&#8243; header_font_size=\u00bb36px\u00bb global_colors_info=\u00bb{}\u00bb sticky_transition=\u00bbon\u00bb][\/et_pb_slide][et_pb_slide heading=\u00bb\u201cContratamos sus servicios para una reforma integral de nuestro piso, y no podr\u00edamos estar m\u00e1s contentos. Cumplieron con los plazos y el resultado fue espectacular. Un equipo profesional y eficiente.\u201d\u00bb arrows_custom_color=\u00bb#000000&#8243; _builder_version=\u00bb4.27.0&#8243; header_font_size=\u00bb36px\u00bb global_colors_info=\u00bb{}\u00bb sticky_transition=\u00bbon\u00bb][\/et_pb_slide][et_pb_slide heading=\u00bb\u201cNecesit\u00e1bamos soluciones personalizadas para la oficina y estos chicos lo hicieron posible. Desde el dise\u00f1o hasta el montaje final, todo fue como lo imaginamos. Un servicio de primera.\u201d\u00bb arrows_custom_color=\u00bb#000000&#8243; _builder_version=\u00bb4.27.0&#8243; header_font_size=\u00bb36px\u00bb global_colors_info=\u00bb{}\u00bb sticky_transition=\u00bbon\u00bb][\/et_pb_slide][\/et_pb_slider][\/et_pb_column][\/et_pb_row][\/et_pb_section][et_pb_section fb_built=\u00bb1&#8243; specialty=\u00bbon\u00bb padding_top_1=\u00bb0px\u00bb padding_top_2=\u00bb8%\u00bb padding_top_bottom_link_1=\u00bbfalse\u00bb padding_top_bottom_link_2=\u00bbfalse\u00bb padding_left_right_link_1=\u00bbfalse\u00bb padding_left_right_link_2=\u00bbfalse\u00bb admin_label=\u00bbFooter\u00bb _builder_version=\u00bb4.16&#8243; background_color=\u00bb#000000&#8243; background_enable_image=\u00bboff\u00bb custom_padding=\u00bb0px|||||\u00bb locked=\u00bboff\u00bb global_colors_info=\u00bb{}\u00bb][et_pb_column type=\u00bb1_2&#8243; _builder_version=\u00bb4.16&#8243; custom_padding=\u00bb|||\u00bb global_colors_info=\u00bb{}\u00bb custom_padding__hover=\u00bb|||\u00bb][et_pb_image src=\u00bbhttps:\/\/jaqcantabria.es\/wp-content\/uploads\/2024\/06\/renovation-01.jpg\u00bb title_text=\u00bbrenovation-01&#8243; _builder_version=\u00bb4.16&#8243; custom_margin=\u00bb|||-10vw|false|false\u00bb custom_margin_tablet=\u00bb0px||||false|false\u00bb custom_margin_last_edited=\u00bboff|desktop\u00bb global_colors_info=\u00bb{}\u00bb][\/et_pb_image][\/et_pb_column][et_pb_column type=\u00bb1_2&#8243; specialty_columns=\u00bb2&#8243; _builder_version=\u00bb4.16&#8243; custom_padding=\u00bb|||\u00bb global_colors_info=\u00bb{}\u00bb custom_padding__hover=\u00bb|||\u00bb][et_pb_row_inner _builder_version=\u00bb4.16&#8243; custom_margin=\u00bb||||false|false\u00bb global_colors_info=\u00bb{}\u00bb][et_pb_column_inner saved_specialty_column_type=\u00bb1_2&#8243; _builder_version=\u00bb4.16&#8243; global_colors_info=\u00bb{}\u00bb][et_pb_text _builder_version=\u00bb4.16&#8243; header_2_font=\u00bbKanit|700|||||||\u00bb header_2_font_size=\u00bb48px\u00bb header_2_line_height=\u00bb1.3em\u00bb background_layout=\u00bbdark\u00bb header_2_font_size_tablet=\u00bb36px\u00bb header_2_font_size_phone=\u00bb24px\u00bb header_2_font_size_last_edited=\u00bbon|phone\u00bb locked=\u00bboff\u00bb global_colors_info=\u00bb{}\u00bb]<\/p>\n<h2>Contacto<\/h2>\n<p>[\/et_pb_text][\/et_pb_column_inner][\/et_pb_row_inner][et_pb_row_inner column_structure=\u00bb1_2,1_2&#8243; _builder_version=\u00bb4.16&#8243; global_colors_info=\u00bb{}\u00bb][et_pb_column_inner type=\u00bb1_2&#8243; saved_specialty_column_type=\u00bb1_2&#8243; _builder_version=\u00bb4.16&#8243; global_colors_info=\u00bb{}\u00bb][et_pb_blurb title=\u00bbTel\u00e9fono\u00bb use_icon=\u00bbon\u00bb font_icon=\u00bb&#xe090;||divi||400&#8243; icon_color=\u00bb#ffd000&#8243; icon_placement=\u00bbleft\u00bb image_icon_width=\u00bb24px\u00bb _builder_version=\u00bb4.24.1&#8243; header_font=\u00bbKanit|700|||||||\u00bb header_font_size=\u00bb20px\u00bb header_line_height=\u00bb1.3em\u00bb body_line_height=\u00bb1.8em\u00bb background_layout=\u00bbdark\u00bb animation=\u00bboff\u00bb header_font_size_tablet=\u00bb18px\u00bb header_font_size_phone=\u00bb\u00bb header_font_size_last_edited=\u00bbon|tablet\u00bb icon_font_size=\u00bb24px\u00bb global_colors_info=\u00bb{}\u00bb]<\/p>\n<p><span style=\"color: #ffffff;\"><a href=\"tel:+34641947749\" style=\"color: #ffffff;\">+34 641 94 77 49<\/a><\/span><\/p>\n<p>[\/et_pb_blurb][et_pb_blurb title=\u00bbEmail\u00bb use_icon=\u00bbon\u00bb font_icon=\u00bb&#xe076;||divi||400&#8243; icon_color=\u00bb#ffd000&#8243; icon_placement=\u00bbleft\u00bb image_icon_width=\u00bb24px\u00bb _builder_version=\u00bb4.24.1&#8243; header_font=\u00bbKanit|700|||||||\u00bb header_font_size=\u00bb20px\u00bb header_line_height=\u00bb1.3em\u00bb body_line_height=\u00bb1.8em\u00bb body_link_text_color=\u00bb#ffffff\u00bb background_layout=\u00bbdark\u00bb animation=\u00bboff\u00bb header_font_size_tablet=\u00bb18px\u00bb header_font_size_phone=\u00bb\u00bb header_font_size_last_edited=\u00bbon|tablet\u00bb icon_font_size=\u00bb24px\u00bb locked=\u00bboff\u00bb global_colors_info=\u00bb{}\u00bb]<\/p>\n<p><a href=\"mailto:info@jaqcantabria.es\">info@jaqcantabria.es<\/a><\/p>\n<p>[\/et_pb_blurb][\/et_pb_column_inner][et_pb_column_inner type=\u00bb1_2&#8243; saved_specialty_column_type=\u00bb1_2&#8243; _builder_version=\u00bb4.16&#8243; global_colors_info=\u00bb{}\u00bb][\/et_pb_column_inner][\/et_pb_row_inner][\/et_pb_column][\/et_pb_section]<\/p>\n","protected":false},"excerpt":{"rendered":"<p>JAQ &#8211; Reformas, mantenimiento y mucho m\u00e1sEn JAQ tenemos un equipo de profesionales capacitados para poder dar servicios en diferentes \u00e1reas c\u00f3mo pueden ser la albali\u00f1er\u00eda, arreglo de motores, pintura, mantenimiento de m\u00e1quinas de gimnasio, mantenimiento de jardiner\u00eda, cuidado de personas mayores, cuidado de mascotas&#8230;\u00a0 Pide presupuesto sin compromiso.ServiciosNos especializamos en reformas integrales de viviendas [&hellip;]<\/p>\n","protected":false},"author":1,"featured_media":0,"parent":0,"menu_order":0,"comment_status":"closed","ping_status":"closed","template":"","meta":{"_et_pb_use_builder":"on","_et_pb_old_content":"","_et_gb_content_width":"","footnotes":""},"class_list":["post-10","page","type-page","status-publish","hentry"],"_links":{"self":[{"href":"https:\/\/jaqcantabria.es\/index.php?rest_route=\/wp\/v2\/pages\/10","targetHints":{"allow":["GET"]}}],"collection":[{"href":"https:\/\/jaqcantabria.es\/index.php?rest_route=\/wp\/v2\/pages"}],"about":[{"href":"https:\/\/jaqcantabria.es\/index.php?rest_route=\/wp\/v2\/types\/page"}],"author":[{"embeddable":true,"href":"https:\/\/jaqcantabria.es\/index.php?rest_route=\/wp\/v2\/users\/1"}],"replies":[{"embeddable":true,"href":"https:\/\/jaqcantabria.es\/index.php?rest_route=%2Fwp%2Fv2%2Fcomments&post=10"}],"version-history":[{"count":10,"href":"https:\/\/jaqcantabria.es\/index.php?rest_route=\/wp\/v2\/pages\/10\/revisions"}],"predecessor-version":[{"id":88,"href":"https:\/\/jaqcantabria.es\/index.php?rest_route=\/wp\/v2\/pages\/10\/revisions\/88"}],"wp:attachment":[{"href":"https:\/\/jaqcantabria.es\/index.php?rest_route=%2Fwp%2Fv2%2Fmedia&parent=10"}],"curies":[{"name":"wp","href":"https:\/\/api.w.org\/{rel}","templated":true}]}}