{"id":63,"date":"2024-09-22T18:45:55","date_gmt":"2024-09-22T16:45:55","guid":{"rendered":"https:\/\/jaqcantabria.es\/?page_id=63"},"modified":"2024-09-22T19:14:08","modified_gmt":"2024-09-22T17:14:08","slug":"montaje-de-muebles","status":"publish","type":"page","link":"https:\/\/jaqcantabria.es\/?page_id=63","title":{"rendered":"Montaje de muebles"},"content":{"rendered":"<p>[et_pb_section fb_built=\u00bb1&#8243; next_background_color=\u00bb#ffffff\u00bb admin_label=\u00bbHeader\u00bb _builder_version=\u00bb4.16&#8243; use_background_color_gradient=\u00bbon\u00bb background_color_gradient_stops=\u00bbrgba(0,0,0,0.5) 0%|rgba(0,0,0,0.5) 100%\u00bb background_color_gradient_overlays_image=\u00bbon\u00bb background_color_gradient_start=\u00bbrgba(0,0,0,0.5)\u00bb background_color_gradient_end=\u00bbrgba(0,0,0,0.5)\u00bb background_image=\u00bbhttps:\/\/jaqcantabria.es\/wp-content\/uploads\/2024\/06\/renovation-39.jpg\u00bb custom_padding=\u00bb8vw||||false|false\u00bb bottom_divider_style=\u00bbslant\u00bb bottom_divider_height=\u00bb57px\u00bb global_colors_info=\u00bb{}\u00bb][et_pb_row column_structure=\u00bb1_2,1_2&#8243; _builder_version=\u00bb4.16&#8243; global_colors_info=\u00bb{}\u00bb][et_pb_column type=\u00bb1_2&#8243; _builder_version=\u00bb4.16&#8243; global_colors_info=\u00bb{}\u00bb][et_pb_text _builder_version=\u00bb4.24.1&#8243; header_font=\u00bbKanit|500|||||||\u00bb header_font_size=\u00bb3vw\u00bb header_line_height=\u00bb1.1em\u00bb background_layout=\u00bbdark\u00bb max_width=\u00bb795px\u00bb module_alignment=\u00bbcenter\u00bb header_font_size_tablet=\u00bb42px\u00bb header_font_size_phone=\u00bb36px\u00bb header_font_size_last_edited=\u00bbon|desktop\u00bb locked=\u00bboff\u00bb global_colors_info=\u00bb{}\u00bb]<\/p>\n<h1>JAQ &#8211; Reformas, mantenimiento y mucho m\u00e1s<\/h1>\n<p>[\/et_pb_text][\/et_pb_column][et_pb_column type=\u00bb1_2&#8243; _builder_version=\u00bb4.16&#8243; global_colors_info=\u00bb{}\u00bb][et_pb_text _builder_version=\u00bb4.24.1&#8243; text_font=\u00bbKanit||||||||\u00bb text_font_size=\u00bb16px\u00bb text_line_height=\u00bb1.8em\u00bb background_layout=\u00bbdark\u00bb global_colors_info=\u00bb{}\u00bb]<\/p>\n<p>En JAQ tenemos un equipo de profesionales capacitados para poder dar servicios en diferentes \u00e1reas c\u00f3mo pueden ser la alba\u00f1iler\u00eda, arreglo de motores, pintura, mantenimiento de m\u00e1quinas de gimnasio, mantenimiento de jardiner\u00eda, cuidado de personas mayores, cuidado de mascotas&#8230;\u00a0 Pide presupuesto sin compromiso.<\/p>\n<p>[\/et_pb_text][et_pb_button button_text=\u00bbSolicitar presupuesto\u00bb button_alignment=\u00bbleft\u00bb _builder_version=\u00bb4.27.0&#8243; custom_button=\u00bbon\u00bb button_text_size=\u00bb14px\u00bb button_text_color=\u00bb#000000&#8243; button_bg_color=\u00bb#ffd000&#8243; button_border_width=\u00bb0px\u00bb button_border_radius=\u00bb0px\u00bb button_letter_spacing=\u00bb1px\u00bb button_font=\u00bb|700||on|||||\u00bb button_icon=\u00bb&#x24;||divi||400&#8243; custom_margin=\u00bb40px||||false|false\u00bb custom_padding=\u00bb15px|40px|15px|40px|true|true\u00bb hover_enabled=\u00bb0&#8243; locked=\u00bboff\u00bb global_colors_info=\u00bb{}\u00bb button_url=\u00bbhttps:\/\/jaqcantabria.es\/?page_id=75&#8243; sticky_enabled=\u00bb0&#8243;][\/et_pb_button][\/et_pb_column][\/et_pb_row][\/et_pb_section][et_pb_section fb_built=\u00bb1&#8243; admin_label=\u00bbServices\u00bb _builder_version=\u00bb4.16&#8243; custom_padding=\u00bb||3px|||\u00bb global_colors_info=\u00bb{}\u00bb][et_pb_row _builder_version=\u00bb4.16&#8243; locked=\u00bboff\u00bb global_colors_info=\u00bb{}\u00bb][et_pb_column type=\u00bb4_4&#8243; _builder_version=\u00bb4.16&#8243; global_colors_info=\u00bb{}\u00bb][et_pb_text _builder_version=\u00bb4.27.0&#8243; header_2_font=\u00bbKanit|700|||||||\u00bb header_2_text_color=\u00bb#000000&#8243; header_2_font_size=\u00bb48px\u00bb header_2_line_height=\u00bb1.1em\u00bb text_orientation=\u00bbcenter\u00bb module_alignment=\u00bbcenter\u00bb header_2_font_size_tablet=\u00bb32px\u00bb header_2_font_size_phone=\u00bb22px\u00bb header_2_font_size_last_edited=\u00bbon|phone\u00bb global_colors_info=\u00bb{}\u00bb]<\/p>\n<h2>Servicio de <span>montaje de muebles<\/span>\u00a0en Cantabria<\/h2>\n<p>[\/et_pb_text][\/et_pb_column][\/et_pb_row][et_pb_row use_custom_gutter=\u00bbon\u00bb gutter_width=\u00bb2&#8243; _builder_version=\u00bb4.16&#8243; locked=\u00bboff\u00bb global_colors_info=\u00bb{}\u00bb][et_pb_column type=\u00bb4_4&#8243; _builder_version=\u00bb4.16&#8243; global_colors_info=\u00bb{}\u00bb][et_pb_blurb title=\u00bbMontaje de muebles\u00bb image=\u00bbhttps:\/\/jaqcantabria.es\/wp-content\/uploads\/2024\/06\/renovation-icon-3.png\u00bb icon_alignment=\u00bbleft\u00bb content_max_width=\u00bb100%\u00bb _builder_version=\u00bb4.27.0&#8243; header_font=\u00bbKanit|600|||||||\u00bb header_font_size=\u00bb20px\u00bb header_line_height=\u00bb1.3em\u00bb body_line_height=\u00bb1.8em\u00bb background_image=\u00bbhttps:\/\/jaqcantabria.es\/wp-content\/uploads\/2024\/06\/Oval.png\u00bb background_size=\u00bbinitial\u00bb background_position=\u00bbtop_left\u00bb animation=\u00bboff\u00bb header_font_size_tablet=\u00bb18px\u00bb header_font_size_phone=\u00bb16px\u00bb header_font_size_last_edited=\u00bbon|phone\u00bb global_colors_info=\u00bb{}\u00bb]<\/p>\n<div id=\"m#msg-f:1810913394082949465\" class=\"mail-message expanded\">\n<div class=\"mail-message-content collapsible zoom-normal mail-show-images \">\n<div class=\"clear\">\n<div class=\"gmail_quote\">\n<div dir=\"ltr\">\n<p>Nos dedicamos a ofrecer servicios de montaje de muebles para hogares y oficinas. Nuestro objetivo es proporcionar un servicio integral que cumpla con las expectativas de nuestros clientes y garantice la durabilidad y funcionalidad de sus muebles.<\/p>\n<p><strong>Servicios Ofrecidos:<\/strong><\/p>\n<ul>\n<li><strong>Montaje de Muebles de Hogar:<\/strong>\u00a0Armarios, camas, mesas, sillas, estanter\u00edas, y m\u00e1s.<\/li>\n<li><strong>Montaje de Muebles de Oficina:<\/strong>\u00a0Escritorios, sillas de oficina, archivadores, y otros muebles de oficina.<\/li>\n<li><strong>Montaje de Muebles de Cocina y Ba\u00f1o:<\/strong>\u00a0Instalaci\u00f3n de muebles de cocina, armarios de ba\u00f1o, y accesorios.<\/li>\n<\/ul>\n<p><strong>Por Qu\u00e9 Elegirnos:<\/strong><\/p>\n<p><strong><\/strong><\/p>\n<ul>\n<li><strong>Experiencia:<\/strong>\u00a0Contamos con un equipo de profesionales con amplia experiencia en el sector.<\/li>\n<li><strong>Calidad:<\/strong>\u00a0Utilizamos herramientas y t\u00e9cnicas profesionales para asegurar resultados duraderos.<\/li>\n<li><strong>Satisfacci\u00f3n del Cliente:<\/strong>\u00a0Nos enfocamos en las necesidades de nuestros clientes y garantizamos su satisfacci\u00f3n.<\/li>\n<\/ul>\n<\/div>\n<\/div>\n<\/div>\n<\/div>\n<div class=\"mail-message-footer spacer collapsible\"><\/div>\n<\/div>\n<p>[\/et_pb_blurb][\/et_pb_column][\/et_pb_row][\/et_pb_section][et_pb_section fb_built=\u00bb1&#8243; admin_label=\u00bbTestimonials\u00bb _builder_version=\u00bb4.16&#8243; locked=\u00bboff\u00bb global_colors_info=\u00bb{}\u00bb][et_pb_row _builder_version=\u00bb4.16&#8243; global_colors_info=\u00bb{}\u00bb][et_pb_column type=\u00bb4_4&#8243; _builder_version=\u00bb4.16&#8243; global_colors_info=\u00bb{}\u00bb][et_pb_slider use_bg_overlay=\u00bboff\u00bb dot_nav_custom_color=\u00bb#000000&#8243; _builder_version=\u00bb4.27.0&#8243; header_font=\u00bbKanit|700|||||||\u00bb header_text_color=\u00bb#2a2a2a\u00bb header_font_size=\u00bb48px\u00bb header_line_height=\u00bb1.3em\u00bb background_color=\u00bbrgba(0,0,0,0)\u00bb custom_padding=\u00bb0px|0px|60px|0px|false|true\u00bb header_font_size_tablet=\u00bb26px\u00bb header_font_size_phone=\u00bb18px\u00bb header_font_size_last_edited=\u00bbon|phone\u00bb header_text_shadow_style=\u00bbpreset4&#8243; header_text_shadow_vertical_length=\u00bb0em\u00bb header_text_shadow_color=\u00bbrgba(0,0,0,0)\u00bb global_colors_info=\u00bb{}\u00bb][et_pb_slide heading=\u00bb\u201cExcelente trabajo y atenci\u00f3n al detalle. Renovaron nuestra cocina y los resultados superaron nuestras expectativas. Desde la carpinter\u00eda hasta la pintura, todo fue impecable. Muy recomendable.\u201d\u00bb arrows_custom_color=\u00bb#000000&#8243; _builder_version=\u00bb4.27.0&#8243; header_font_size=\u00bb36px\u00bb global_colors_info=\u00bb{}\u00bb sticky_transition=\u00bbon\u00bb][\/et_pb_slide][et_pb_slide heading=\u00bb\u201cContratamos sus servicios para una reforma integral de nuestro piso, y no podr\u00edamos estar m\u00e1s contentos. Cumplieron con los plazos y el resultado fue espectacular. Un equipo profesional y eficiente.\u201d\u00bb arrows_custom_color=\u00bb#000000&#8243; _builder_version=\u00bb4.27.0&#8243; header_font_size=\u00bb36px\u00bb global_colors_info=\u00bb{}\u00bb sticky_transition=\u00bbon\u00bb][\/et_pb_slide][et_pb_slide heading=\u00bb\u201cNecesit\u00e1bamos soluciones personalizadas para la oficina y estos chicos lo hicieron posible. Desde el dise\u00f1o hasta el montaje final, todo fue como lo imaginamos. Un servicio de primera.\u201d\u00bb arrows_custom_color=\u00bb#000000&#8243; _builder_version=\u00bb4.27.0&#8243; header_font_size=\u00bb36px\u00bb global_colors_info=\u00bb{}\u00bb sticky_transition=\u00bbon\u00bb][\/et_pb_slide][\/et_pb_slider][\/et_pb_column][\/et_pb_row][\/et_pb_section][et_pb_section fb_built=\u00bb1&#8243; specialty=\u00bbon\u00bb padding_top_1=\u00bb0px\u00bb padding_top_2=\u00bb8%\u00bb padding_top_bottom_link_1=\u00bbfalse\u00bb padding_top_bottom_link_2=\u00bbfalse\u00bb padding_left_right_link_1=\u00bbfalse\u00bb padding_left_right_link_2=\u00bbfalse\u00bb admin_label=\u00bbFooter\u00bb _builder_version=\u00bb4.16&#8243; background_color=\u00bb#000000&#8243; background_enable_image=\u00bboff\u00bb custom_padding=\u00bb0px|||||\u00bb locked=\u00bboff\u00bb global_colors_info=\u00bb{}\u00bb][et_pb_column type=\u00bb1_2&#8243; _builder_version=\u00bb4.16&#8243; custom_padding=\u00bb|||\u00bb global_colors_info=\u00bb{}\u00bb custom_padding__hover=\u00bb|||\u00bb][et_pb_image src=\u00bbhttps:\/\/jaqcantabria.es\/wp-content\/uploads\/2024\/06\/renovation-01.jpg\u00bb title_text=\u00bbrenovation-01&#8243; _builder_version=\u00bb4.16&#8243; custom_margin=\u00bb|||-10vw|false|false\u00bb custom_margin_tablet=\u00bb0px||||false|false\u00bb custom_margin_last_edited=\u00bboff|desktop\u00bb global_colors_info=\u00bb{}\u00bb][\/et_pb_image][\/et_pb_column][et_pb_column type=\u00bb1_2&#8243; specialty_columns=\u00bb2&#8243; _builder_version=\u00bb4.16&#8243; custom_padding=\u00bb|||\u00bb global_colors_info=\u00bb{}\u00bb custom_padding__hover=\u00bb|||\u00bb][et_pb_row_inner _builder_version=\u00bb4.16&#8243; custom_margin=\u00bb||||false|false\u00bb global_colors_info=\u00bb{}\u00bb][et_pb_column_inner saved_specialty_column_type=\u00bb1_2&#8243; _builder_version=\u00bb4.16&#8243; global_colors_info=\u00bb{}\u00bb][et_pb_text _builder_version=\u00bb4.16&#8243; header_2_font=\u00bbKanit|700|||||||\u00bb header_2_font_size=\u00bb48px\u00bb header_2_line_height=\u00bb1.3em\u00bb background_layout=\u00bbdark\u00bb header_2_font_size_tablet=\u00bb36px\u00bb header_2_font_size_phone=\u00bb24px\u00bb header_2_font_size_last_edited=\u00bbon|phone\u00bb locked=\u00bboff\u00bb global_colors_info=\u00bb{}\u00bb]<\/p>\n<h2>Contacto<\/h2>\n<p>[\/et_pb_text][\/et_pb_column_inner][\/et_pb_row_inner][et_pb_row_inner column_structure=\u00bb1_2,1_2&#8243; _builder_version=\u00bb4.16&#8243; global_colors_info=\u00bb{}\u00bb][et_pb_column_inner type=\u00bb1_2&#8243; saved_specialty_column_type=\u00bb1_2&#8243; _builder_version=\u00bb4.16&#8243; global_colors_info=\u00bb{}\u00bb][et_pb_blurb title=\u00bbTel\u00e9fono\u00bb use_icon=\u00bbon\u00bb font_icon=\u00bb&#xe090;||divi||400&#8243; icon_color=\u00bb#ffd000&#8243; icon_placement=\u00bbleft\u00bb image_icon_width=\u00bb24px\u00bb _builder_version=\u00bb4.24.1&#8243; header_font=\u00bbKanit|700|||||||\u00bb header_font_size=\u00bb20px\u00bb header_line_height=\u00bb1.3em\u00bb body_line_height=\u00bb1.8em\u00bb background_layout=\u00bbdark\u00bb animation=\u00bboff\u00bb header_font_size_tablet=\u00bb18px\u00bb header_font_size_phone=\u00bb\u00bb header_font_size_last_edited=\u00bbon|tablet\u00bb icon_font_size=\u00bb24px\u00bb global_colors_info=\u00bb{}\u00bb]<\/p>\n<p><span style=\"color: #ffffff;\"><a href=\"tel:+34641947749\" style=\"color: #ffffff;\">+34 641 94 77 49<\/a><\/span><\/p>\n<p>[\/et_pb_blurb][et_pb_blurb title=\u00bbEmail\u00bb use_icon=\u00bbon\u00bb font_icon=\u00bb&#xe076;||divi||400&#8243; icon_color=\u00bb#ffd000&#8243; icon_placement=\u00bbleft\u00bb image_icon_width=\u00bb24px\u00bb _builder_version=\u00bb4.24.1&#8243; header_font=\u00bbKanit|700|||||||\u00bb header_font_size=\u00bb20px\u00bb header_line_height=\u00bb1.3em\u00bb body_line_height=\u00bb1.8em\u00bb body_link_text_color=\u00bb#ffffff\u00bb background_layout=\u00bbdark\u00bb animation=\u00bboff\u00bb header_font_size_tablet=\u00bb18px\u00bb header_font_size_phone=\u00bb\u00bb header_font_size_last_edited=\u00bbon|tablet\u00bb icon_font_size=\u00bb24px\u00bb locked=\u00bboff\u00bb global_colors_info=\u00bb{}\u00bb]<\/p>\n<p><a href=\"mailto:info@jaqcantabria.es\">info@jaqcantabria.es<\/a><\/p>\n<p>[\/et_pb_blurb][\/et_pb_column_inner][et_pb_column_inner type=\u00bb1_2&#8243; saved_specialty_column_type=\u00bb1_2&#8243; _builder_version=\u00bb4.16&#8243; global_colors_info=\u00bb{}\u00bb][\/et_pb_column_inner][\/et_pb_row_inner][\/et_pb_column][\/et_pb_section]<\/p>\n","protected":false},"excerpt":{"rendered":"<p>JAQ &#8211; Reformas, mantenimiento y mucho m\u00e1sEn JAQ tenemos un equipo de profesionales capacitados para poder dar servicios en diferentes \u00e1reas c\u00f3mo pueden ser la alba\u00f1iler\u00eda, arreglo de motores, pintura, mantenimiento de m\u00e1quinas de gimnasio, mantenimiento de jardiner\u00eda, cuidado de personas mayores, cuidado de mascotas&#8230;\u00a0 Pide presupuesto sin compromiso.Servicio de montaje de muebles\u00a0en Cantabria Nos [&hellip;]<\/p>\n","protected":false},"author":1,"featured_media":0,"parent":0,"menu_order":0,"comment_status":"closed","ping_status":"closed","template":"","meta":{"_et_pb_use_builder":"on","_et_pb_old_content":"","_et_gb_content_width":"","footnotes":""},"class_list":["post-63","page","type-page","status-publish","hentry"],"_links":{"self":[{"href":"https:\/\/jaqcantabria.es\/index.php?rest_route=\/wp\/v2\/pages\/63","targetHints":{"allow":["GET"]}}],"collection":[{"href":"https:\/\/jaqcantabria.es\/index.php?rest_route=\/wp\/v2\/pages"}],"about":[{"href":"https:\/\/jaqcantabria.es\/index.php?rest_route=\/wp\/v2\/types\/page"}],"author":[{"embeddable":true,"href":"https:\/\/jaqcantabria.es\/index.php?rest_route=\/wp\/v2\/users\/1"}],"replies":[{"embeddable":true,"href":"https:\/\/jaqcantabria.es\/index.php?rest_route=%2Fwp%2Fv2%2Fcomments&post=63"}],"version-history":[{"count":3,"href":"https:\/\/jaqcantabria.es\/index.php?rest_route=\/wp\/v2\/pages\/63\/revisions"}],"predecessor-version":[{"id":85,"href":"https:\/\/jaqcantabria.es\/index.php?rest_route=\/wp\/v2\/pages\/63\/revisions\/85"}],"wp:attachment":[{"href":"https:\/\/jaqcantabria.es\/index.php?rest_route=%2Fwp%2Fv2%2Fmedia&parent=63"}],"curies":[{"name":"wp","href":"https:\/\/api.w.org\/{rel}","templated":true}]}}